{"id":15,"date":"2020-04-28T10:32:45","date_gmt":"2020-04-28T08:32:45","guid":{"rendered":"http:\/\/strompilen.se\/?page_id=15"},"modified":"2025-05-06T09:58:07","modified_gmt":"2025-05-06T07:58:07","slug":"startsida","status":"publish","type":"page","link":"https:\/\/strompilen.se\/","title":{"rendered":"startsida"},"content":{"rendered":"<p>[et_pb_section fb_built=&#8221;1&#8243; custom_padding_last_edited=&#8221;on|tablet&#8221; admin_label=&#8221;Header&#8221; _builder_version=&#8221;4.16&#8243; background_color=&#8221;#cedfd7&#8243; custom_margin=&#8221;0px|0px|0px|0px|false|false&#8221; custom_padding=&#8221;0px|0px|0px|0px|false|false&#8221; custom_padding_tablet=&#8221;||0px||false|false&#8221; custom_padding_phone=&#8221;&#8221; global_colors_info=&#8221;{}&#8221;][et_pb_row _builder_version=&#8221;4.16&#8243; background_color=&#8221;#cedfd7&#8243; custom_margin=&#8221;||||false|false&#8221; custom_padding=&#8221;50px||||false|false&#8221; animation_style=&#8221;slide&#8221; global_colors_info=&#8221;{}&#8221;][et_pb_column type=&#8221;4_4&#8243; _builder_version=&#8221;4.16&#8243; global_colors_info=&#8221;{}&#8221;][et_pb_text _builder_version=&#8221;4.16&#8243; header_text_color=&#8221;#96694c&#8221; header_font_size=&#8221;45px&#8221; header_font_size_tablet=&#8221;&#8221; header_font_size_phone=&#8221;45px&#8221; header_font_size_last_edited=&#8221;on|phone&#8221; global_colors_info=&#8221;{}&#8221;]<\/p>\n<h1 style=\"text-align: center;\"><\/h1>\n<h1 style=\"text-align: center;\"><\/h1>\n<h1 style=\"text-align: center;\"><\/h1>\n<h1 style=\"text-align: center;\"><\/h1>\n<h1 style=\"text-align: center;\"><\/h1>\n<h1 style=\"text-align: center;\"><\/h1>\n<h1 style=\"text-align: center;\">H\u00e4r hittar du allt som beh\u00f6vs f\u00f6r<\/h1>\n<h1 style=\"text-align: center;\">vardag och fest, till hem och djur.<\/h1>\n<h1 style=\"text-align: center;\"><\/h1>\n<div dir=\"auto\">\n<p>&nbsp;<\/p>\n<\/div>\n<div dir=\"auto\"><\/div>\n<div dir=\"auto\"><\/div>\n<div dir=\"auto\"><\/div>\n<div dir=\"auto\"><\/div>\n<div dir=\"auto\"><\/div>\n<h1 style=\"text-align: center;\"><\/h1>\n<h1 style=\"text-align: center;\"><\/h1>\n<h1 style=\"text-align: center;\"><\/h1>\n<h1 style=\"text-align: center;\"><\/h1>\n<h1 style=\"text-align: center;\"><\/h1>\n<h1 style=\"text-align: center;\"><\/h1>\n<h1 style=\"text-align: center;\"><\/h1>\n<h1 style=\"text-align: center;\"><\/h1>\n<h1 style=\"text-align: center;\"><\/h1>\n<h1 style=\"text-align: center;\"><\/h1>\n<h1 style=\"text-align: center;\"><\/h1>\n<h1 style=\"text-align: center;\"><\/h1>\n<h1 style=\"text-align: center;\"><\/h1>\n<h1 style=\"text-align: center;\"><\/h1>\n<p>[\/et_pb_text][\/et_pb_column][\/et_pb_row][et_pb_row column_structure=&#8221;1_3,1_3,1_3&#8243; _builder_version=&#8221;4.16&#8243; global_colors_info=&#8221;{}&#8221;][et_pb_column type=&#8221;1_3&#8243; _builder_version=&#8221;4.16&#8243; global_colors_info=&#8221;{}&#8221;][et_pb_number_counter title=&#8221;kvm handelsyta&#8221; number=&#8221;25 500&#8243; percent_sign=&#8221;off&#8221; _builder_version=&#8221;4.16&#8243; title_level=&#8221;h1&#8243; title_text_align=&#8221;center&#8221; title_text_color=&#8221;#96694c&#8221; number_text_color=&#8221;#96694c&#8221; global_colors_info=&#8221;{}&#8221;][\/et_pb_number_counter][\/et_pb_column][et_pb_column type=&#8221;1_3&#8243; _builder_version=&#8221;4.16&#8243; global_colors_info=&#8221;{}&#8221;][et_pb_number_counter title=&#8221;Gratis parkeringar&#8221; number=&#8221;800&#8243; percent_sign=&#8221;off&#8221; _builder_version=&#8221;4.16&#8243; title_level=&#8221;h1&#8243; title_text_align=&#8221;center&#8221; title_text_color=&#8221;#96694c&#8221; number_text_color=&#8221;#96694c&#8221; global_colors_info=&#8221;{}&#8221;][\/et_pb_number_counter][\/et_pb_column][et_pb_column type=&#8221;1_3&#8243; _builder_version=&#8221;4.16&#8243; global_colors_info=&#8221;{}&#8221;][et_pb_number_counter title=&#8221;Butiker&#8221; number=&#8221;14&#8243; percent_sign=&#8221;off&#8221; _builder_version=&#8221;4.27.3&#8243; title_level=&#8221;h1&#8243; title_text_align=&#8221;center&#8221; title_text_color=&#8221;#96694c&#8221; number_text_color=&#8221;#96694c&#8221; global_colors_info=&#8221;{}&#8221;][\/et_pb_number_counter][\/et_pb_column][\/et_pb_row][\/et_pb_section][et_pb_section fb_built=&#8221;1&#8243; admin_label=&#8221;bilder&#8221; _builder_version=&#8221;4.16&#8243; custom_margin=&#8221;0px|0px|0px|0px|false|false&#8221; custom_padding=&#8221;0px|0px|0px|0px|false|false&#8221; global_colors_info=&#8221;{}&#8221;][et_pb_row column_structure=&#8221;1_4,1_4,1_4,1_4&#8243; use_custom_gutter=&#8221;on&#8221; gutter_width=&#8221;1&#8243; make_equal=&#8221;on&#8221; _builder_version=&#8221;4.16&#8243; width=&#8221;100%&#8221; max_width=&#8221;1635px&#8221; module_alignment=&#8221;center&#8221; custom_margin=&#8221;0px|0px|0px|0px|false|false&#8221; custom_padding=&#8221;0px|0px|0px|0px|false|false&#8221; global_colors_info=&#8221;{}&#8221;][et_pb_column type=&#8221;1_4&#8243; _builder_version=&#8221;4.16&#8243; custom_padding=&#8221;0px|0px|0px|0px|false|false&#8221; animation_style=&#8221;slide&#8221; global_colors_info=&#8221;{}&#8221;][et_pb_image src=&#8221;http:\/\/strompilen.se\/wp-content\/uploads\/2020\/04\/lager1571100x1100.jpg&#8221; force_fullwidth=&#8221;on&#8221; _builder_version=&#8221;4.16&#8243; global_colors_info=&#8221;{}&#8221;][\/et_pb_image][\/et_pb_column][et_pb_column type=&#8221;1_4&#8243; _builder_version=&#8221;4.16&#8243; custom_padding=&#8221;0px|0px|0px|0px|false|false&#8221; animation_style=&#8221;slide&#8221; global_colors_info=&#8221;{}&#8221;][et_pb_image src=&#8221;http:\/\/strompilen.se\/wp-content\/uploads\/2020\/04\/badrumm1100x1100.jpg&#8221; _builder_version=&#8221;4.16&#8243; global_colors_info=&#8221;{}&#8221;][\/et_pb_image][\/et_pb_column][et_pb_column type=&#8221;1_4&#8243; _builder_version=&#8221;4.16&#8243; animation_style=&#8221;slide&#8221; global_colors_info=&#8221;{}&#8221;][et_pb_image src=&#8221;http:\/\/strompilen.se\/wp-content\/uploads\/2020\/04\/blomma1100x1100.jpg&#8221; _builder_version=&#8221;4.16&#8243; global_colors_info=&#8221;{}&#8221;][\/et_pb_image][\/et_pb_column][et_pb_column type=&#8221;1_4&#8243; _builder_version=&#8221;4.16&#8243; animation_style=&#8221;slide&#8221; global_colors_info=&#8221;{}&#8221;][et_pb_image src=&#8221;https:\/\/strompilen.se\/wp-content\/uploads\/2023\/12\/dukning-strompilen.png&#8221; title_text=&#8221;dukning-strompilen&#8221; _builder_version=&#8221;4.23.1&#8243; global_colors_info=&#8221;{}&#8221;][\/et_pb_image][\/et_pb_column][\/et_pb_row][\/et_pb_section][et_pb_section fb_built=&#8221;1&#8243; admin_label=&#8221;Logger&#8221; _builder_version=&#8221;4.16&#8243; custom_padding=&#8221;0px||0px|||&#8221; global_colors_info=&#8221;{}&#8221;][et_pb_row column_structure=&#8221;1_5,1_5,1_5,1_5,1_5&#8243; admin_label=&#8221;Butiker 1&#8243; _builder_version=&#8221;4.16&#8243; animation_style=&#8221;slide&#8221; animation_direction=&#8221;left&#8221; global_colors_info=&#8221;{}&#8221;][et_pb_column type=&#8221;1_5&#8243; _builder_version=&#8221;4.16&#8243; global_colors_info=&#8221;{}&#8221;][et_pb_image src=&#8221;http:\/\/strompilen.se\/wp-content\/uploads\/2020\/04\/ICA.png&#8221; url=&#8221;http:\/\/strompilen.se\/?page_id=123&#8243; _builder_version=&#8221;4.16&#8243; global_colors_info=&#8221;{}&#8221;][\/et_pb_image][\/et_pb_column][et_pb_column type=&#8221;1_5&#8243; _builder_version=&#8221;4.16&#8243; global_colors_info=&#8221;{}&#8221;][et_pb_image src=&#8221;https:\/\/strompilen.se\/wp-content\/uploads\/2025\/05\/logga1.png&#8221; title_text=&#8221;logga1&#8243; url=&#8221;http:\/\/strompilen.se\/?page_id=123&#8243; _builder_version=&#8221;4.27.3&#8243; hover_enabled=&#8221;0&#8243; global_colors_info=&#8221;{}&#8221; sticky_enabled=&#8221;0&#8243;][\/et_pb_image][\/et_pb_column][et_pb_column type=&#8221;1_5&#8243; _builder_version=&#8221;4.16&#8243; global_colors_info=&#8221;{}&#8221;][et_pb_image src=&#8221;http:\/\/strompilen.se\/wp-content\/uploads\/2022\/11\/Dogman2.png&#8221; url=&#8221;http:\/\/strompilen.se\/?page_id=123&#8243; _builder_version=&#8221;4.16&#8243; global_colors_info=&#8221;{}&#8221;][\/et_pb_image][\/et_pb_column][et_pb_column type=&#8221;1_5&#8243; _builder_version=&#8221;4.16&#8243; global_colors_info=&#8221;{}&#8221;][et_pb_image src=&#8221;http:\/\/strompilen.se\/wp-content\/uploads\/2020\/04\/apotekH-1.png&#8221; url=&#8221;http:\/\/strompilen.se\/?page_id=123&#8243; _builder_version=&#8221;4.16&#8243; global_colors_info=&#8221;{}&#8221;][\/et_pb_image][\/et_pb_column][et_pb_column type=&#8221;1_5&#8243; _builder_version=&#8221;4.16&#8243; global_colors_info=&#8221;{}&#8221;][et_pb_image src=&#8221;http:\/\/strompilen.se\/wp-content\/uploads\/2020\/04\/NW.png&#8221; url=&#8221;http:\/\/strompilen.se\/?page_id=123&#8243; _builder_version=&#8221;4.16&#8243; global_colors_info=&#8221;{}&#8221;][\/et_pb_image][\/et_pb_column][\/et_pb_row][et_pb_row column_structure=&#8221;1_5,1_5,1_5,1_5,1_5&#8243; admin_label=&#8221;Butiker 1&#8243; _builder_version=&#8221;4.16&#8243; animation_style=&#8221;slide&#8221; animation_direction=&#8221;left&#8221; global_colors_info=&#8221;{}&#8221;][et_pb_column type=&#8221;1_5&#8243; _builder_version=&#8221;4.16&#8243; global_colors_info=&#8221;{}&#8221;][et_pb_image src=&#8221;http:\/\/strompilen.se\/wp-content\/uploads\/2020\/04\/157-1.png&#8221; url=&#8221;http:\/\/strompilen.se\/?page_id=123&#8243; _builder_version=&#8221;4.16&#8243; global_colors_info=&#8221;{}&#8221;][\/et_pb_image][\/et_pb_column][et_pb_column type=&#8221;1_5&#8243; _builder_version=&#8221;4.16&#8243; global_colors_info=&#8221;{}&#8221;][et_pb_image src=&#8221;http:\/\/strompilen.se\/wp-content\/uploads\/2020\/04\/akrenzoo.png&#8221; url=&#8221;http:\/\/strompilen.se\/?page_id=123&#8243; _builder_version=&#8221;4.16&#8243; global_colors_info=&#8221;{}&#8221;][\/et_pb_image][\/et_pb_column][et_pb_column type=&#8221;1_5&#8243; _builder_version=&#8221;4.16&#8243; global_colors_info=&#8221;{}&#8221;][et_pb_image src=&#8221;http:\/\/strompilen.se\/wp-content\/uploads\/2020\/04\/systembolaget.png&#8221; url=&#8221;http:\/\/strompilen.se\/?page_id=123&#8243; _builder_version=&#8221;4.16&#8243; global_colors_info=&#8221;{}&#8221;][\/et_pb_image][\/et_pb_column][et_pb_column type=&#8221;1_5&#8243; _builder_version=&#8221;4.16&#8243; global_colors_info=&#8221;{}&#8221;][et_pb_image src=&#8221;http:\/\/strompilen.se\/wp-content\/uploads\/2021\/11\/higi-logo-300&#215;300.png&#8221; url=&#8221;http:\/\/strompilen.se\/?page_id=123&#8243; _builder_version=&#8221;4.16&#8243; global_colors_info=&#8221;{}&#8221;][\/et_pb_image][\/et_pb_column][et_pb_column type=&#8221;1_5&#8243; _builder_version=&#8221;4.16&#8243; global_colors_info=&#8221;{}&#8221;][et_pb_image src=&#8221;http:\/\/strompilen.se\/wp-content\/uploads\/2020\/04\/mindoktor-1.png&#8221; url=&#8221;http:\/\/strompilen.se\/?page_id=123&#8243; _builder_version=&#8221;4.16&#8243; global_colors_info=&#8221;{}&#8221;][\/et_pb_image][\/et_pb_column][\/et_pb_row][\/et_pb_section][et_pb_section fb_built=&#8221;1&#8243; _builder_version=&#8221;4.16&#8243; custom_margin=&#8221;0px|0px|0px|0px|false|false&#8221; custom_padding=&#8221;0px|0px|0px|0px|false|false&#8221; global_colors_info=&#8221;{}&#8221;][et_pb_row column_structure=&#8221;1_5,1_5,1_5,1_5,1_5&#8243; admin_label=&#8221;Butiker 2&#8243; _builder_version=&#8221;4.16&#8243; animation_style=&#8221;slide&#8221; animation_direction=&#8221;right&#8221; global_colors_info=&#8221;{}&#8221;][et_pb_column type=&#8221;1_5&#8243; _builder_version=&#8221;4.16&#8243; global_colors_info=&#8221;{}&#8221;][et_pb_gallery gallery_ids=&#8221;114&#8243; show_title_and_caption=&#8221;off&#8221; _builder_version=&#8221;4.27.3&#8243; _module_preset=&#8221;default&#8221; global_colors_info=&#8221;{}&#8221;][\/et_pb_gallery][\/et_pb_column][et_pb_column type=&#8221;1_5&#8243; _builder_version=&#8221;4.16&#8243; global_colors_info=&#8221;{}&#8221;][et_pb_gallery gallery_ids=&#8221;305&#8243; show_title_and_caption=&#8221;off&#8221; show_pagination=&#8221;off&#8221; _builder_version=&#8221;4.27.3&#8243; _module_preset=&#8221;default&#8221; global_colors_info=&#8221;{}&#8221;][\/et_pb_gallery][\/et_pb_column][et_pb_column type=&#8221;1_5&#8243; _builder_version=&#8221;4.16&#8243; global_colors_info=&#8221;{}&#8221;][et_pb_image src=&#8221;http:\/\/strompilen.se\/wp-content\/uploads\/2020\/04\/sjoboden-1.png&#8221; url=&#8221;http:\/\/strompilen.se\/?page_id=123&#8243; _builder_version=&#8221;4.16&#8243; global_colors_info=&#8221;{}&#8221;][\/et_pb_image][\/et_pb_column][et_pb_column type=&#8221;1_5&#8243; _builder_version=&#8221;4.16&#8243; global_colors_info=&#8221;{}&#8221;][et_pb_image src=&#8221;http:\/\/strompilen.se\/wp-content\/uploads\/2020\/04\/bigboy-1.png&#8221; url=&#8221;http:\/\/strompilen.se\/?page_id=123&#8243; _builder_version=&#8221;4.16&#8243; global_colors_info=&#8221;{}&#8221;][\/et_pb_image][\/et_pb_column][et_pb_column type=&#8221;1_5&#8243; _builder_version=&#8221;4.16&#8243; global_colors_info=&#8221;{}&#8221;][\/et_pb_column][\/et_pb_row][et_pb_row column_structure=&#8221;1_4,1_4,1_4,1_4&#8243; use_custom_gutter=&#8221;on&#8221; gutter_width=&#8221;1&#8243; make_equal=&#8221;on&#8221; _builder_version=&#8221;4.16&#8243; width=&#8221;100%&#8221; max_width=&#8221;1635px&#8221; module_alignment=&#8221;center&#8221; custom_margin=&#8221;0px|0px|0px|0px|false|false&#8221; custom_padding=&#8221;0px|0px|0px|0px|false|false&#8221; global_colors_info=&#8221;{}&#8221;][et_pb_column type=&#8221;1_4&#8243; _builder_version=&#8221;4.16&#8243; custom_padding=&#8221;0px|0px|0px|0px|false|false&#8221; animation_style=&#8221;slide&#8221; global_colors_info=&#8221;{}&#8221;][et_pb_image src=&#8221;https:\/\/strompilen.se\/wp-content\/uploads\/2023\/12\/ica-logo-share.jpg&#8221; title_text=&#8221;ica-logo-share&#8221; force_fullwidth=&#8221;on&#8221; _builder_version=&#8221;4.23.1&#8243; global_colors_info=&#8221;{}&#8221;][\/et_pb_image][\/et_pb_column][et_pb_column type=&#8221;1_4&#8243; _builder_version=&#8221;4.16&#8243; background_color=&#8221;#eaccce&#8221; custom_padding=&#8221;0px|0px|0px|0px|false|false&#8221; animation_style=&#8221;slide&#8221; global_colors_info=&#8221;{}&#8221;][et_pb_text _builder_version=&#8221;4.16&#8243; header_text_color=&#8221;#96694c&#8221; header_font_size=&#8221;34px&#8221; custom_padding=&#8221;20px|20px|20px|20px|false|false&#8221; global_colors_info=&#8221;{}&#8221;]<\/p>\n<h1 style=\"text-align: right;\"><strong>\u00d6PPET<\/strong><\/h1>\n<h1 style=\"text-align: right;\">m\u00e5n-fre <strong>10-19<\/strong><\/h1>\n<h1 style=\"text-align: right;\">l\u00f6r <strong>10-17<\/strong><\/h1>\n<h1 style=\"text-align: right;\">s\u00f6n <strong>12-17<\/strong><\/h1>\n<p>[\/et_pb_text][\/et_pb_column][et_pb_column type=&#8221;1_4&#8243; _builder_version=&#8221;4.16&#8243; animation_style=&#8221;slide&#8221; global_colors_info=&#8221;{}&#8221;][et_pb_image src=&#8221;http:\/\/strompilen.se\/wp-content\/uploads\/2020\/04\/NW_bild.jpg&#8221; _builder_version=&#8221;4.16&#8243; global_colors_info=&#8221;{}&#8221;][\/et_pb_image][\/et_pb_column][et_pb_column type=&#8221;1_4&#8243; _builder_version=&#8221;4.16&#8243; animation_style=&#8221;slide&#8221; global_colors_info=&#8221;{}&#8221;][et_pb_image src=&#8221;http:\/\/strompilen.se\/wp-content\/uploads\/2020\/04\/ART_FRONT_STOR_SE_2-100.jpg&#8221; _builder_version=&#8221;4.16&#8243; global_colors_info=&#8221;{}&#8221;][\/et_pb_image][\/et_pb_column][\/et_pb_row][\/et_pb_section][et_pb_section fb_built=&#8221;1&#8243; admin_label=&#8221;hitta hit&#8221; module_id=&#8221;hittahit&#8221; _builder_version=&#8221;4.16&#8243; background_color=&#8221;#96694c&#8221; custom_padding=&#8221;10px||10px||false|false&#8221; global_colors_info=&#8221;{}&#8221;][et_pb_row column_structure=&#8221;1_2,1_2&#8243; _builder_version=&#8221;4.16&#8243; global_colors_info=&#8221;{}&#8221;][et_pb_column type=&#8221;1_2&#8243; _builder_version=&#8221;4.16&#8243; global_colors_info=&#8221;{}&#8221;][et_pb_code _builder_version=&#8221;4.16&#8243; animation_style=&#8221;slide&#8221; animation_direction=&#8221;bottom&#8221; global_colors_info=&#8221;{}&#8221;]<iframe loading=\"lazy\" src=\"https:\/\/www.google.com\/maps\/embed?pb=!1m14!1m8!1m3!1d7046.329293331693!2d20.3024215!3d63.7991328!3m2!1i1024!2i768!4f13.1!3m3!1m2!1s0x0%3A0xb35169f97461ba15!2sStr%C3%B6mpilen!5e0!3m2!1ssv!2sse!4v1588145688239!5m2!1ssv!2sse\" width=\"600\" height=\"450\" frameborder=\"0\" style=\"border:0;\" allowfullscreen=\"\" aria-hidden=\"false\" tabindex=\"0\"><\/iframe>[\/et_pb_code][\/et_pb_column][et_pb_column type=&#8221;1_2&#8243; _builder_version=&#8221;4.16&#8243; global_colors_info=&#8221;{}&#8221;][et_pb_image src=&#8221;http:\/\/strompilen.se\/wp-content\/uploads\/2020\/04\/strompilen_symbol_vit.png&#8221; align=&#8221;center&#8221; _builder_version=&#8221;4.16&#8243; width=&#8221;31%&#8221; animation_style=&#8221;slide&#8221; animation_direction=&#8221;right&#8221; global_colors_info=&#8221;{}&#8221;][\/et_pb_image][et_pb_text _builder_version=&#8221;4.16&#8243; header_text_align=&#8221;center&#8221; header_text_color=&#8221;#ffffff&#8221; header_font_size=&#8221;16px&#8221; animation_style=&#8221;slide&#8221; header_text_align_tablet=&#8221;&#8221; header_text_align_phone=&#8221;&#8221; header_text_align_last_edited=&#8221;on|desktop&#8221; header_text_color_last_edited=&#8221;off|desktop&#8221; global_colors_info=&#8221;{}&#8221;]<\/p>\n<h1><strong>ADRESS<\/strong><\/h1>\n<h1>Str\u00f6mpilsplatsen 20<br \/> 907 43 Ume\u00e5<\/h1>\n<p>[\/et_pb_text][et_pb_text _builder_version=&#8221;4.16&#8243; header_text_align=&#8221;center&#8221; header_text_color=&#8221;#ffffff&#8221; header_font_size=&#8221;16px&#8221; animation_style=&#8221;slide&#8221; header_text_align_tablet=&#8221;&#8221; header_text_align_phone=&#8221;&#8221; header_text_align_last_edited=&#8221;on|desktop&#8221; header_text_color_last_edited=&#8221;off|desktop&#8221; global_colors_info=&#8221;{}&#8221;]<\/p>\n<h1><strong>FELANM\u00c4LAN\u00a0BUTIKSLOKALER<\/strong><\/h1>\n<h1>010-447 42 18<br \/> felanmalan@handelsfastigheter.se<\/h1>\n<p>[\/et_pb_text][et_pb_text _builder_version=&#8221;4.16&#8243; header_text_align=&#8221;center&#8221; header_text_color=&#8221;#ffffff&#8221; header_font_size=&#8221;16px&#8221; animation_style=&#8221;slide&#8221; header_text_align_tablet=&#8221;&#8221; header_text_align_phone=&#8221;&#8221; header_text_align_last_edited=&#8221;on|desktop&#8221; header_text_color_last_edited=&#8221;off|desktop&#8221; global_colors_info=&#8221;{}&#8221;]<\/p>\n<h1><strong>UTHYRNING &amp; F\u00d6RVALTNING<\/strong><\/h1>\n<h1>Mats Bjuhr<br \/> 0706-15 45 45<br \/> mats.bjuhr@handelsfastigheter.se<\/h1>\n<p>[\/et_pb_text][\/et_pb_column][\/et_pb_row][\/et_pb_section][et_pb_section fb_built=&#8221;1&#8243; admin_label=&#8221;simfot&#8221; _builder_version=&#8221;4.16&#8243; background_color=&#8221;#96694c&#8221; custom_margin=&#8221;0px|0px|0px|0px|false|false&#8221; custom_padding=&#8221;0px|0px|0px|0px|false|false&#8221; global_colors_info=&#8221;{}&#8221;][\/et_pb_section]<\/p>\n","protected":false},"excerpt":{"rendered":"<p>H\u00e4r hittar du allt som beh\u00f6vs f\u00f6r vardag och fest, till hem och djur. &nbsp; \u00d6PPET m\u00e5n-fre 10-19 l\u00f6r 10-17 s\u00f6n 12-17ADRESS Str\u00f6mpilsplatsen 20 907 43 Ume\u00e5FELANM\u00c4LAN\u00a0BUTIKSLOKALER 010-447 42 18 felanmalan@handelsfastigheter.seUTHYRNING &amp; F\u00d6RVALTNING Mats Bjuhr 0706-15 45 45 mats.bjuhr@handelsfastigheter.se<\/p>\n","protected":false},"author":1,"featured_media":0,"parent":0,"menu_order":0,"comment_status":"closed","ping_status":"closed","template":"","meta":{"_et_pb_use_builder":"on","_et_pb_old_content":"","_et_gb_content_width":"","footnotes":""},"class_list":["post-15","page","type-page","status-publish","hentry"],"_links":{"self":[{"href":"https:\/\/strompilen.se\/index.php?rest_route=\/wp\/v2\/pages\/15"}],"collection":[{"href":"https:\/\/strompilen.se\/index.php?rest_route=\/wp\/v2\/pages"}],"about":[{"href":"https:\/\/strompilen.se\/index.php?rest_route=\/wp\/v2\/types\/page"}],"author":[{"embeddable":true,"href":"https:\/\/strompilen.se\/index.php?rest_route=\/wp\/v2\/users\/1"}],"replies":[{"embeddable":true,"href":"https:\/\/strompilen.se\/index.php?rest_route=%2Fwp%2Fv2%2Fcomments&post=15"}],"version-history":[{"count":60,"href":"https:\/\/strompilen.se\/index.php?rest_route=\/wp\/v2\/pages\/15\/revisions"}],"predecessor-version":[{"id":332,"href":"https:\/\/strompilen.se\/index.php?rest_route=\/wp\/v2\/pages\/15\/revisions\/332"}],"wp:attachment":[{"href":"https:\/\/strompilen.se\/index.php?rest_route=%2Fwp%2Fv2%2Fmedia&parent=15"}],"curies":[{"name":"wp","href":"https:\/\/api.w.org\/{rel}","templated":true}]}}