{"id":123,"date":"2020-04-28T16:19:57","date_gmt":"2020-04-28T14:19:57","guid":{"rendered":"http:\/\/strompilen.se\/?page_id=123"},"modified":"2025-05-06T09:58:50","modified_gmt":"2025-05-06T07:58:50","slug":"butiker-och-oppettider","status":"publish","type":"page","link":"https:\/\/strompilen.se\/?page_id=123","title":{"rendered":"Butiker och \u00f6ppettider"},"content":{"rendered":"<p>[et_pb_section fb_built=&#8221;1&#8243; _builder_version=&#8221;4.16&#8243; custom_margin=&#8221;0px|0px|0px|0px|false|false&#8221; custom_padding=&#8221;0px|0px|0px|0px|false|false&#8221; animation_style=&#8221;slide&#8221; global_colors_info=&#8221;{}&#8221;][et_pb_row column_structure=&#8221;1_4,1_4,1_4,1_4&#8243; _builder_version=&#8221;4.16&#8243; global_colors_info=&#8221;{}&#8221;][et_pb_column type=&#8221;1_4&#8243; _builder_version=&#8221;4.16&#8243; global_colors_info=&#8221;{}&#8221;][et_pb_image src=&#8221;http:\/\/strompilen.se\/wp-content\/uploads\/2020\/04\/ICA.png&#8221; align=&#8221;center&#8221; _builder_version=&#8221;4.16&#8243; width=&#8221;80%&#8221; custom_margin=&#8221;0px||0px||false|false&#8221; custom_padding=&#8221;0px|0px|0px|0px|false|false&#8221; global_colors_info=&#8221;{}&#8221;][\/et_pb_image][et_pb_text _builder_version=&#8221;4.16&#8243; header_font_size=&#8221;18px&#8221; global_colors_info=&#8221;{}&#8221;]<\/p>\n<h1 style=\"text-align: center;\"><strong>ICA MAXI<\/strong><\/h1>\n<h1 style=\"text-align: center;\">Alla dagar 07-23<\/h1>\n<h1 style=\"text-align: center;\"><a href=\"https:\/\/www.ica.se\/butiker\/maxi\/umea\/maxi-ica-stormarknad-umea-9725\/start\/#pfset=1\" target=\"_blank\" rel=\"noopener noreferrer\">icamaxiumea.se<\/a><\/h1>\n<h1 style=\"text-align: center;\">090-10 84 00<\/h1>\n<p>[\/et_pb_text][\/et_pb_column][et_pb_column type=&#8221;1_4&#8243; _builder_version=&#8221;4.16&#8243; global_colors_info=&#8221;{}&#8221;][et_pb_image src=&#8221;http:\/\/strompilen.se\/wp-content\/uploads\/2020\/04\/bigboy-1.png&#8221; align=&#8221;center&#8221; _builder_version=&#8221;4.16&#8243; width=&#8221;60%&#8221; custom_margin=&#8221;0px||0px||false|false&#8221; custom_padding=&#8221;10px|0px|30px|0px|false|false&#8221; global_colors_info=&#8221;{}&#8221;][\/et_pb_image][et_pb_text _builder_version=&#8221;4.16&#8243; header_font_size=&#8221;18px&#8221; global_colors_info=&#8221;{}&#8221;]<\/p>\n<h1 style=\"text-align: center;\"><strong>BIG BOY<\/strong><\/h1>\n<h1 style=\"text-align: center;\">m\u00e5n-fre 10-22<\/h1>\n<h1 style=\"text-align: center;\">l\u00f6r 10-21<\/h1>\n<h1 style=\"text-align: center;\">s\u00f6n 10-21<\/h1>\n<h1 style=\"text-align: center;\"><a href=\"https:\/\/bigboy.se\">bigboy.se<\/a><\/h1>\n<h1 style=\"text-align: center;\">090-19 19 10<\/h1>\n<p>[\/et_pb_text][\/et_pb_column][et_pb_column type=&#8221;1_4&#8243; _builder_version=&#8221;4.16&#8243; global_colors_info=&#8221;{}&#8221;][et_pb_image src=&#8221;http:\/\/strompilen.se\/wp-content\/uploads\/2020\/04\/systembolaget.png&#8221; align=&#8221;center&#8221; _builder_version=&#8221;4.16&#8243; width=&#8221;60%&#8221; custom_margin=&#8221;0px||0px||false|false&#8221; custom_padding=&#8221;10px|0px|30px|0px|false|false&#8221; global_colors_info=&#8221;{}&#8221;][\/et_pb_image][et_pb_text _builder_version=&#8221;4.16&#8243; header_font_size=&#8221;18px&#8221; global_colors_info=&#8221;{}&#8221;]<\/p>\n<h1 style=\"text-align: center;\"><strong>SYSTEMBOLAGET<\/strong><\/h1>\n<h1 style=\"text-align: center;\">m\u00e5n-ons 10-19<\/h1>\n<h1 style=\"text-align: center;\">tors-fre 10-20<\/h1>\n<h1 style=\"text-align: center;\">l\u00f6r 10-15<\/h1>\n<h1 style=\"text-align: center;\">s\u00f6n st\u00e4ngt<\/h1>\n<h1 style=\"text-align: center;\"><a href=\"https:\/\/www.systembolaget.se\">systembolaget.se<\/a><\/h1>\n<p>[\/et_pb_text][\/et_pb_column][et_pb_column type=&#8221;1_4&#8243; _builder_version=&#8221;4.16&#8243; global_colors_info=&#8221;{}&#8221;][et_pb_image src=&#8221;http:\/\/strompilen.se\/wp-content\/uploads\/2020\/04\/blomsterlandet-1.png&#8221; align=&#8221;center&#8221; _builder_version=&#8221;4.16&#8243; width=&#8221;80%&#8221; custom_margin=&#8221;0px||0px||false|false&#8221; custom_padding=&#8221;0px|0px|0px|0px|false|false&#8221; global_colors_info=&#8221;{}&#8221;][\/et_pb_image][et_pb_text _builder_version=&#8221;4.16&#8243; header_font_size=&#8221;18px&#8221; global_colors_info=&#8221;{}&#8221;]<\/p>\n<h4 style=\"text-align: center;\"><strong>BLOMSTERLANDET<\/strong><\/h4>\n<h1 style=\"text-align: center;\">m\u00e5n-fre 10-19<\/h1>\n<h1 style=\"text-align: center;\">l\u00f6r 10-17<\/h1>\n<h1 style=\"text-align: center;\"><span style=\"font-size: 18px;\">s\u00f6n 11-17<\/span><\/h1>\n<h1 style=\"text-align: center;\"><a href=\"https:\/\/www.blomsterlandet.se\/hitta-din-butik\/umea-strompilen\/\">blomsterlandet.se<\/a><\/h1>\n<h1 style=\"text-align: center;\">090\u2013201 00 82<\/h1>\n<p>[\/et_pb_text][\/et_pb_column][\/et_pb_row][\/et_pb_section][et_pb_section fb_built=&#8221;1&#8243; _builder_version=&#8221;4.16&#8243; custom_margin=&#8221;0px|0px|0px|0px|false|false&#8221; custom_padding=&#8221;0px|0px|0px|0px|false|false&#8221; animation_style=&#8221;slide&#8221; global_colors_info=&#8221;{}&#8221;][et_pb_row column_structure=&#8221;1_4,1_4,1_4,1_4&#8243; _builder_version=&#8221;4.16&#8243; global_colors_info=&#8221;{}&#8221;][et_pb_column type=&#8221;1_4&#8243; _builder_version=&#8221;4.16&#8243; global_colors_info=&#8221;{}&#8221;][et_pb_image src=&#8221;http:\/\/strompilen.se\/wp-content\/uploads\/2020\/04\/sjoboden-1.png&#8221; align=&#8221;center&#8221; _builder_version=&#8221;4.16&#8243; width=&#8221;69%&#8221; custom_margin=&#8221;0px||0px||false|false&#8221; custom_padding=&#8221;0px|0px|25px|0px|false|false&#8221; global_colors_info=&#8221;{}&#8221;][\/et_pb_image][et_pb_text _builder_version=&#8221;4.16&#8243; header_font_size=&#8221;18px&#8221; global_colors_info=&#8221;{}&#8221;]<\/p>\n<h1 style=\"text-align: center;\"><strong>SALONG SJ\u00d6BODEN<\/strong><\/h1>\n<h1 style=\"text-align: center;\"><\/h1>\n<h1 style=\"text-align: center;\"><a href=\"https:\/\/sjoboden.diginorr.se\">sjobod4.se<\/a><\/h1>\n<h1 style=\"text-align: center;\">090-19 02 02<\/h1>\n<p>[\/et_pb_text][\/et_pb_column][et_pb_column type=&#8221;1_4&#8243; _builder_version=&#8221;4.16&#8243; global_colors_info=&#8221;{}&#8221;][et_pb_image src=&#8221;http:\/\/strompilen.se\/wp-content\/uploads\/2020\/04\/NW.png&#8221; align=&#8221;center&#8221; _builder_version=&#8221;4.16&#8243; width=&#8221;80%&#8221; custom_margin=&#8221;0px||0px||false|false&#8221; custom_padding=&#8221;10px|0px|5px|0px|false|false&#8221; global_colors_info=&#8221;{}&#8221;][\/et_pb_image][et_pb_text _builder_version=&#8221;4.16&#8243; header_font_size=&#8221;18px&#8221; global_colors_info=&#8221;{}&#8221;]<\/p>\n<h1 style=\"text-align: center;\"><strong>NORDIC WELLNESS<\/strong><\/h1>\n<h1 style=\"text-align: center;\">m\u00e5n-s\u00f6n 05-23<\/h1>\n<h1 style=\"text-align: center;\">Med bemanning:<\/h1>\n<h1 style=\"text-align: center;\">m\u00e5n-tor 09-21<\/h1>\n<h1 style=\"text-align: center;\">fre 09-19<\/h1>\n<h1 style=\"text-align: center;\">l\u00f6r 10-16<\/h1>\n<h1 style=\"text-align: center;\">s\u00f6n 11-19<\/h1>\n<h1 style=\"text-align: center;\"><a href=\"https:\/\/nordicwellness.se\/vara-klubbar\/umea\/umea-strompilen\/\">nordicwellness.se<\/a><\/h1>\n<p>[\/et_pb_text][\/et_pb_column][et_pb_column type=&#8221;1_4&#8243; _builder_version=&#8221;4.16&#8243; global_colors_info=&#8221;{}&#8221;][et_pb_image src=&#8221;http:\/\/strompilen.se\/wp-content\/uploads\/2020\/04\/mindoktor-1.png&#8221; align=&#8221;center&#8221; _builder_version=&#8221;4.16&#8243; width=&#8221;60%&#8221; custom_margin=&#8221;0px||0px||false|false&#8221; custom_padding=&#8221;10px|0px|30px|0px|false|false&#8221; global_colors_info=&#8221;{}&#8221;][\/et_pb_image][et_pb_text _builder_version=&#8221;4.16&#8243; header_font_size=&#8221;18px&#8221; global_colors_info=&#8221;{}&#8221;]<\/p>\n<h1 style=\"text-align: center;\"><strong>MIN DOKTOR<\/strong><\/h1>\n<h1 style=\"text-align: center;\">m\u00e5n-fre 08-20<\/h1>\n<h1 style=\"text-align: center;\">l\u00f6r-s\u00f6n 10-18<\/h1>\n<h1 style=\"text-align: center;\"><a href=\"https:\/\/www.mindoktor.se\/kliniken\/ica-maxi-umea\/\">mindoktor.se<\/a><\/h1>\n<p>[\/et_pb_text][\/et_pb_column][et_pb_column type=&#8221;1_4&#8243; _builder_version=&#8221;4.16&#8243; global_colors_info=&#8221;{}&#8221;][et_pb_image src=&#8221;http:\/\/strompilen.se\/wp-content\/uploads\/2020\/04\/apotekH-1.png&#8221; align=&#8221;center&#8221; _builder_version=&#8221;4.16&#8243; width=&#8221;60%&#8221; custom_margin=&#8221;0px||0px||false|false&#8221; custom_padding=&#8221;10px|0px|30px|0px|false|false&#8221; global_colors_info=&#8221;{}&#8221;][\/et_pb_image][et_pb_text _builder_version=&#8221;4.16&#8243; header_font_size=&#8221;18px&#8221; global_colors_info=&#8221;{}&#8221;]<\/p>\n<h1 style=\"text-align: center;\"><strong>APOTEKET<\/strong><\/h1>\n<h1 style=\"text-align: center;\">Alla dagar 08-22<\/h1>\n<h1 style=\"text-align: center;\"><a href=\"https:\/\/www.apotekhjartat.se\/hitta-apotek-hjartat\/vasterbotten\/apotek_hjartat_ica_maxi_strompilen_umea\/\">apotekhjartat.se<\/a><\/h1>\n<h1 style=\"text-align: center;\">0771-405405<\/h1>\n<p>[\/et_pb_text][\/et_pb_column][\/et_pb_row][et_pb_row column_structure=&#8221;1_4,1_4,1_4,1_4&#8243; _builder_version=&#8221;4.16&#8243; global_colors_info=&#8221;{}&#8221;][et_pb_column type=&#8221;1_4&#8243; _builder_version=&#8221;4.16&#8243; global_colors_info=&#8221;{}&#8221;][et_pb_image src=&#8221;http:\/\/strompilen.se\/wp-content\/uploads\/2021\/11\/higi-logo-300&#215;300.png&#8221; align=&#8221;center&#8221; _builder_version=&#8221;4.27.3&#8243; width=&#8221;77%&#8221; custom_margin=&#8221;0px||0px||false|false&#8221; custom_padding=&#8221;10px|0px|30px|0px|false|false&#8221; hover_enabled=&#8221;0&#8243; global_colors_info=&#8221;{}&#8221; sticky_enabled=&#8221;0&#8243;][\/et_pb_image][et_pb_text _builder_version=&#8221;4.27.3&#8243; header_font_size=&#8221;18px&#8221; global_colors_info=&#8221;{}&#8221;]<\/p>\n<h4 style=\"text-align: center;\"><strong>HIFI KLUBBEN<\/strong><\/h4>\n<h1 style=\"text-align: center;\"><span style=\"font-size: 16px;\">m\u00e5n-fre 10-18<\/span><\/h1>\n<h1 style=\"text-align: center;\">l\u00f6r 11-16<\/h1>\n<h1 style=\"text-align: center;\">s\u00f6n 12-16<\/h1>\n<h1 style=\"text-align: center;\"><a href=\"https:\/\/www.hifiklubben.se\/\" target=\"_blank\" rel=\"noopener noreferrer\">hifiklubben.se<\/a><\/h1>\n<p>[\/et_pb_text][\/et_pb_column][et_pb_column type=&#8221;1_4&#8243; _builder_version=&#8221;4.16&#8243; global_colors_info=&#8221;{}&#8221;][et_pb_image src=&#8221;https:\/\/strompilen.se\/wp-content\/uploads\/2025\/05\/logga1.png&#8221; title_text=&#8221;logga1&#8243; align=&#8221;center&#8221; _builder_version=&#8221;4.27.3&#8243; width=&#8221;100%&#8221; custom_margin=&#8221;0px||0px||false|false&#8221; custom_padding=&#8221;10px|0px|30px|0px|false|false&#8221; global_colors_info=&#8221;{}&#8221;][\/et_pb_image][et_pb_text _builder_version=&#8221;4.27.3&#8243; _module_preset=&#8221;default&#8221; global_colors_info=&#8221;{}&#8221;]<\/p>\n<h2 style=\"text-align: center;\"><strong>ROBERTO<\/strong><\/h2>\n<h4 style=\"text-align: center;\">m\u00e5n-s\u00f6n 10.30-20<\/h4>\n<h4 style=\"text-align: center;\"><a href=\"https:\/\/www.cervera.se\/hitta-butik\/umea\/\">pizzeriaroberto.se<\/a><\/h4>\n<h4 style=\"text-align: center;\">090-12 99 00<\/h4>\n<p>[\/et_pb_text][et_pb_text _builder_version=&#8221;4.27.3&#8243; _module_preset=&#8221;default&#8221; global_colors_info=&#8221;{}&#8221;][\/et_pb_text][et_pb_text _builder_version=&#8221;4.16&#8243; header_font_size=&#8221;18px&#8221; global_colors_info=&#8221;{}&#8221;]<\/p>\n<h1 style=\"text-align: center;\"><a href=\"https:\/\/nordicwellness.se\/vara-klubbar\/umea\/umea-strompilen\/\"><\/a><\/h1>\n<p>[\/et_pb_text][\/et_pb_column][et_pb_column type=&#8221;1_4&#8243; _builder_version=&#8221;4.16&#8243; global_colors_info=&#8221;{}&#8221;][et_pb_image src=&#8221;https:\/\/strompilen.se\/wp-content\/uploads\/2022\/11\/Dogman2.png&#8221; title_text=&#8221;Dogman2&#8243; align=&#8221;center&#8221; _builder_version=&#8221;4.27.3&#8243; width=&#8221;60%&#8221; custom_margin=&#8221;0px||0px||false|false&#8221; custom_padding=&#8221;10px|0px|30px|0px|false|false&#8221; global_colors_info=&#8221;{}&#8221;][\/et_pb_image][et_pb_text _builder_version=&#8221;4.27.3&#8243; _module_preset=&#8221;default&#8221; global_colors_info=&#8221;{}&#8221;]<\/p>\n<h2 style=\"text-align: center;\">DOGMAN<\/h2>\n<h4 style=\"text-align: center;\">m\u00e5n-fre 10-19<\/h4>\n<h4 style=\"text-align: center;\">l\u00f6r 10-17<\/h4>\n<h4 style=\"text-align: center;\">s\u00f6n 12-17<\/h4>\n<h4 style=\"text-align: center;\"><a href=\"dogman.com\">dogman.com<\/a><\/h4>\n<p>[\/et_pb_text][et_pb_text _builder_version=&#8221;4.16&#8243; header_font_size=&#8221;18px&#8221; global_colors_info=&#8221;{}&#8221;][\/et_pb_text][\/et_pb_column][et_pb_column type=&#8221;1_4&#8243; _builder_version=&#8221;4.16&#8243; global_colors_info=&#8221;{}&#8221;][et_pb_image src=&#8221;https:\/\/strompilen.se\/wp-content\/uploads\/2020\/04\/157-1.png&#8221; title_text=&#8221;157&#8243; align=&#8221;center&#8221; _builder_version=&#8221;4.27.3&#8243; width=&#8221;60%&#8221; custom_margin=&#8221;0px||0px||false|false&#8221; custom_padding=&#8221;10px|0px|30px|0px|false|false&#8221; global_colors_info=&#8221;{}&#8221;][\/et_pb_image][et_pb_text _builder_version=&#8221;4.27.3&#8243; header_font_size=&#8221;18px&#8221; global_colors_info=&#8221;{}&#8221;]<\/p>\n<h2 style=\"text-align: center;\"><strong>LAGER 157<\/strong><\/h2>\n<h4 style=\"text-align: center;\">m\u00e5n-fre 10-19<\/h4>\n<h4 style=\"text-align: center;\">l\u00f6r 10-17<\/h4>\n<h4 style=\"text-align: center;\">s\u00f6n 12-17<\/h4>\n<h4 style=\"text-align: center;\"><a href=\"https:\/\/www.lager157.com\/sv-se\/info\/butiker\/1748\/\">lager157.com<\/a><\/h4>\n<h4 style=\"text-align: center;\">090-2010151<\/h4>\n<p>[\/et_pb_text][\/et_pb_column][\/et_pb_row][\/et_pb_section][et_pb_section fb_built=&#8221;1&#8243; _builder_version=&#8221;4.16&#8243; custom_margin=&#8221;0px|0px|0px|0px|false|false&#8221; custom_padding=&#8221;0px|0px|0px|0px|false|false&#8221; animation_style=&#8221;slide&#8221; global_colors_info=&#8221;{}&#8221;][\/et_pb_section][et_pb_section fb_built=&#8221;1&#8243; _builder_version=&#8221;4.16&#8243; custom_margin=&#8221;0px|0px|0px|0px|false|false&#8221; custom_padding=&#8221;0px|0px|0px|0px|false|false&#8221; animation_style=&#8221;slide&#8221; global_colors_info=&#8221;{}&#8221;][et_pb_row column_structure=&#8221;1_4,1_4,1_4,1_4&#8243; _builder_version=&#8221;4.16&#8243; global_colors_info=&#8221;{}&#8221;][et_pb_column type=&#8221;1_4&#8243; _builder_version=&#8221;4.16&#8243; global_colors_info=&#8221;{}&#8221;][et_pb_image src=&#8221;https:\/\/strompilen.se\/wp-content\/uploads\/2024\/11\/nedladdning.png&#8221; title_text=&#8221;nedladdning&#8221; align=&#8221;center&#8221; _builder_version=&#8221;4.27.3&#8243; width=&#8221;100%&#8221; module_alignment=&#8221;left&#8221; custom_margin=&#8221;0px||0px||false|false&#8221; custom_padding=&#8221;0px|0px|0px|0px|false|false&#8221; global_colors_info=&#8221;{}&#8221;][\/et_pb_image][et_pb_text _builder_version=&#8221;4.27.3&#8243; _module_preset=&#8221;default&#8221; custom_margin=&#8221;137px|||||&#8221; global_colors_info=&#8221;{}&#8221;]<\/p>\n<h3 style=\"text-align: center;\"><strong>DOLLARSTORE<\/strong><\/h3>\n<p><strong><\/strong><\/p>\n<h4 style=\"text-align: center;\">\u00d6ppnar 20\/11-2024<\/h4>\n<h4 style=\"text-align: center;\">Kl. 10.00<\/h4>\n<p>[\/et_pb_text][\/et_pb_column][et_pb_column type=&#8221;1_4&#8243; _builder_version=&#8221;4.16&#8243; global_colors_info=&#8221;{}&#8221;][et_pb_image src=&#8221;http:\/\/strompilen.se\/wp-content\/uploads\/2020\/04\/akrenzoo.png&#8221; align=&#8221;center&#8221; _builder_version=&#8221;4.27.3&#8243; width=&#8221;64%&#8221; max_width=&#8221;100%&#8221; custom_margin=&#8221;0px||0px||false|false&#8221; custom_padding=&#8221;0px|0px|0px|0px|false|false&#8221; global_colors_info=&#8221;{}&#8221;][\/et_pb_image][et_pb_text _builder_version=&#8221;4.16&#8243; header_font_size=&#8221;18px&#8221; global_colors_info=&#8221;{}&#8221;]<\/p>\n<h1 style=\"text-align: center;\"><strong>ARKEN ZOO<\/strong><\/h1>\n<h1 style=\"text-align: center;\">m\u00e5n-fre 10-19<\/h1>\n<h1 style=\"text-align: center;\">l\u00f6r 10-17<\/h1>\n<h1 style=\"text-align: center;\">s\u00f6n 12-17<\/h1>\n<h1 style=\"text-align: center;\"><a href=\"https:\/\/www.arkenzoo.se\/arken-zoo-umea\">arkenzoo.se<\/a><\/h1>\n<p>[\/et_pb_text][\/et_pb_column][et_pb_column type=&#8221;1_4&#8243; _builder_version=&#8221;4.16&#8243; global_colors_info=&#8221;{}&#8221;][\/et_pb_column][et_pb_column type=&#8221;1_4&#8243; _builder_version=&#8221;4.16&#8243; global_colors_info=&#8221;{}&#8221;][\/et_pb_column][\/et_pb_row][\/et_pb_section][et_pb_section fb_built=&#8221;1&#8243; admin_label=&#8221;AVVIKANDE \u00d6PPETTIDER&#8221; _builder_version=&#8221;4.16&#8243; background_color=&#8221;#eaccce&#8221; custom_margin=&#8221;0px|0px|0px|0px|false|false&#8221; custom_padding=&#8221;7px|0px|0px|0px|false|false&#8221; global_colors_info=&#8221;{}&#8221;][et_pb_row _builder_version=&#8221;4.16&#8243; global_colors_info=&#8221;{}&#8221;][et_pb_column type=&#8221;4_4&#8243; _builder_version=&#8221;4.16&#8243; global_colors_info=&#8221;{}&#8221;][et_pb_text _builder_version=&#8221;4.16&#8243; global_colors_info=&#8221;{}&#8221;]<\/p>\n<h2 style=\"text-align: center;\">AVVIKANDE \u00d6PPETTIDER<\/h2>\n<p>[\/et_pb_text][\/et_pb_column][\/et_pb_row][\/et_pb_section][et_pb_section fb_built=&#8221;1&#8243; _builder_version=&#8221;4.16&#8243; custom_padding=&#8221;0px||0px||false|false&#8221; animation_style=&#8221;slide&#8221; global_colors_info=&#8221;{}&#8221;][et_pb_row _builder_version=&#8221;4.16&#8243; global_colors_info=&#8221;{}&#8221;][et_pb_column type=&#8221;4_4&#8243; _builder_version=&#8221;4.16&#8243; global_colors_info=&#8221;{}&#8221;][et_pb_text _builder_version=&#8221;4.16&#8243; header_text_align=&#8221;center&#8221; header_font_size=&#8221;22px&#8221; global_colors_info=&#8221;{}&#8221;]<\/p>\n<h1 style=\"text-align: center;\"><strong>L\u00e5ngfredag<\/strong> st\u00e4ngt<\/h1>\n<h1 style=\"text-align: center;\"><strong>Annandag<\/strong> p\u00e5sk 12-17<\/h1>\n<h1 style=\"text-align: center;\"><strong>1 maj<\/strong> 12-17<\/h1>\n<h1 style=\"text-align: center;\"><strong>Kristi himmelf\u00e4rds dag<\/strong> 12-17<\/h1>\n<h1 style=\"text-align: center;\"><strong>Nationaldagen<\/strong> 12-17<\/h1>\n<h1 style=\"text-align: center;\"><strong>Midsommarafton<\/strong> st\u00e4ngt<\/h1>\n<h1 style=\"text-align: center;\"><strong>Midsommardagen<\/strong> st\u00e4ngt<\/h1>\n<p>&nbsp;<\/p>\n<h1 style=\"text-align: center;\">\u00a0Obs! Dessa datum ovan kan komma att revideras.<br \/> Under h\u00f6gtiderna har\u00a0<strong style=\"font-size: 22px;\">ICA Maxi\u00a0<\/strong><span style=\"font-size: 22px;\">mer \u00f6ppet \u00e4n \u00f6vriga.<\/span><\/h1>\n<p>&nbsp;<\/p>\n<p>[\/et_pb_text][\/et_pb_column][\/et_pb_row][\/et_pb_section][et_pb_section fb_built=&#8221;1&#8243; admin_label=&#8221;hitta hit&#8221; module_id=&#8221;hittahit&#8221; _builder_version=&#8221;4.16&#8243; background_color=&#8221;#96694c&#8221; custom_padding=&#8221;10px||10px||false|false&#8221; global_colors_info=&#8221;{}&#8221;][et_pb_row column_structure=&#8221;1_2,1_2&#8243; _builder_version=&#8221;4.16&#8243; global_colors_info=&#8221;{}&#8221;][et_pb_column type=&#8221;1_2&#8243; _builder_version=&#8221;4.16&#8243; global_colors_info=&#8221;{}&#8221;][et_pb_code _builder_version=&#8221;4.16&#8243; animation_style=&#8221;slide&#8221; animation_direction=&#8221;bottom&#8221; global_colors_info=&#8221;{}&#8221;]<iframe loading=\"lazy\" src=\"https:\/\/www.google.com\/maps\/embed?pb=!1m14!1m8!1m3!1d7046.329293331693!2d20.3024215!3d63.7991328!3m2!1i1024!2i768!4f13.1!3m3!1m2!1s0x0%3A0xb35169f97461ba15!2sStr%C3%B6mpilen!5e0!3m2!1ssv!2sse!4v1588145688239!5m2!1ssv!2sse\" width=\"600\" height=\"450\" frameborder=\"0\" style=\"border:0;\" allowfullscreen=\"\" aria-hidden=\"false\" tabindex=\"0\"><\/iframe>[\/et_pb_code][\/et_pb_column][et_pb_column type=&#8221;1_2&#8243; _builder_version=&#8221;4.16&#8243; global_colors_info=&#8221;{}&#8221;][et_pb_image src=&#8221;http:\/\/strompilen.se\/wp-content\/uploads\/2020\/04\/strompilen_symbol_vit.png&#8221; align=&#8221;center&#8221; _builder_version=&#8221;4.16&#8243; width=&#8221;31%&#8221; global_colors_info=&#8221;{}&#8221;][\/et_pb_image][et_pb_text _builder_version=&#8221;4.16&#8243; header_text_align=&#8221;center&#8221; header_text_color=&#8221;#ffffff&#8221; header_font_size=&#8221;16px&#8221; animation_style=&#8221;slide&#8221; header_text_align_tablet=&#8221;&#8221; header_text_align_phone=&#8221;&#8221; header_text_align_last_edited=&#8221;on|desktop&#8221; header_text_color_last_edited=&#8221;off|desktop&#8221; global_colors_info=&#8221;{}&#8221;]<\/p>\n<h1><strong>ADRESS<\/strong><\/h1>\n<h1>Str\u00f6mpilsplatsen 20<br \/> 907 43 Ume\u00e5<\/h1>\n<p>[\/et_pb_text][et_pb_text _builder_version=&#8221;4.16&#8243; header_text_align=&#8221;center&#8221; header_text_color=&#8221;#ffffff&#8221; header_font_size=&#8221;16px&#8221; animation_style=&#8221;slide&#8221; header_text_align_tablet=&#8221;&#8221; header_text_align_phone=&#8221;&#8221; header_text_align_last_edited=&#8221;on|desktop&#8221; header_text_color_last_edited=&#8221;off|desktop&#8221; global_colors_info=&#8221;{}&#8221;]<\/p>\n<h1><strong>FELANM\u00c4LAN\u00a0BUTIKSLOKALER<\/strong><\/h1>\n<h1>010-10 123 00<br \/> felanmalan@handelsfastigheter.se<\/h1>\n<p>[\/et_pb_text][et_pb_text _builder_version=&#8221;4.16&#8243; header_text_align=&#8221;center&#8221; header_text_color=&#8221;#ffffff&#8221; header_font_size=&#8221;16px&#8221; animation_style=&#8221;slide&#8221; header_text_align_tablet=&#8221;&#8221; header_text_align_phone=&#8221;&#8221; header_text_align_last_edited=&#8221;on|desktop&#8221; header_text_color_last_edited=&#8221;off|desktop&#8221; global_colors_info=&#8221;{}&#8221;]<\/p>\n<h1><strong>UTHYRNING &amp; F\u00d6RVALTNING<\/strong><\/h1>\n<h1>Mats Bjuhr<br \/> 0706-15 45 45<br \/> mats.bjuhr@handelsfastigheter.se<\/h1>\n<p>[\/et_pb_text][\/et_pb_column][\/et_pb_row][\/et_pb_section][et_pb_section fb_built=&#8221;1&#8243; admin_label=&#8221;simfot&#8221; _builder_version=&#8221;4.16&#8243; background_color=&#8221;#96694c&#8221; custom_margin=&#8221;0px|0px|0px|0px|false|false&#8221; custom_padding=&#8221;0px|0px|0px|0px|false|false&#8221; global_colors_info=&#8221;{}&#8221;][\/et_pb_section]<\/p>\n","protected":false},"excerpt":{"rendered":"<p>ICA MAXI Alla dagar 07-23 icamaxiumea.se 090-10 84 00BIG BOY m\u00e5n-fre 10-22 l\u00f6r 10-21 s\u00f6n 10-21 bigboy.se 090-19 19 10SYSTEMBOLAGET m\u00e5n-ons 10-19 tors-fre 10-20 l\u00f6r 10-15 s\u00f6n st\u00e4ngt systembolaget.seBLOMSTERLANDET m\u00e5n-fre 10-19 l\u00f6r 10-17 s\u00f6n 11-17 blomsterlandet.se 090\u2013201 00 82SALONG SJ\u00d6BODEN sjobod4.se 090-19 02 02NORDIC WELLNESS m\u00e5n-s\u00f6n 05-23 Med bemanning: m\u00e5n-tor 09-21 fre 09-19 l\u00f6r 10-16 [&hellip;]<\/p>\n","protected":false},"author":1,"featured_media":0,"parent":0,"menu_order":0,"comment_status":"closed","ping_status":"closed","template":"","meta":{"_et_pb_use_builder":"on","_et_pb_old_content":"","_et_gb_content_width":"","footnotes":""},"class_list":["post-123","page","type-page","status-publish","hentry"],"_links":{"self":[{"href":"https:\/\/strompilen.se\/index.php?rest_route=\/wp\/v2\/pages\/123"}],"collection":[{"href":"https:\/\/strompilen.se\/index.php?rest_route=\/wp\/v2\/pages"}],"about":[{"href":"https:\/\/strompilen.se\/index.php?rest_route=\/wp\/v2\/types\/page"}],"author":[{"embeddable":true,"href":"https:\/\/strompilen.se\/index.php?rest_route=\/wp\/v2\/users\/1"}],"replies":[{"embeddable":true,"href":"https:\/\/strompilen.se\/index.php?rest_route=%2Fwp%2Fv2%2Fcomments&post=123"}],"version-history":[{"count":35,"href":"https:\/\/strompilen.se\/index.php?rest_route=\/wp\/v2\/pages\/123\/revisions"}],"predecessor-version":[{"id":333,"href":"https:\/\/strompilen.se\/index.php?rest_route=\/wp\/v2\/pages\/123\/revisions\/333"}],"wp:attachment":[{"href":"https:\/\/strompilen.se\/index.php?rest_route=%2Fwp%2Fv2%2Fmedia&parent=123"}],"curies":[{"name":"wp","href":"https:\/\/api.w.org\/{rel}","templated":true}]}}